{"id":8,"date":"2015-01-29T12:27:18","date_gmt":"2015-01-29T12:27:18","guid":{"rendered":"http:\/\/wordpress.liederkranz-ehningen.de\/?page_id=8"},"modified":"2025-10-01T06:59:29","modified_gmt":"2025-10-01T05:59:29","slug":"chorgruppen","status":"publish","type":"page","link":"https:\/\/www.liederkranz-ehningen.de\/?page_id=8","title":{"rendered":"Unsere Ch\u00f6re"},"content":{"rendered":"<p>Der Liederkranz Ehningen geh\u00f6rt im Landkreis B\u00f6blingen und im Chorverband Otto Elben zu den zahlenm\u00e4\u00dfig st\u00e4rksten Chorvereinigungen.<\/p>\n<p>Mit inzwischen<strong><span style=\"color: #3e9bd0;\"> 130<\/span><span style=\"color: #3b9bd0;\">&nbsp;aktiven S\u00e4ngerinnen und S\u00e4ngern<\/span> <\/strong>vermittelt der Liederkranz mit seinen&nbsp;<span style=\"color: #3e9bd0;\">Chorleiter <\/span><span style=\"color: #3e9bd0;\">Benjamin Schreij\u00e4g und Fiona Illenseer <\/span>die Freude am Singen und an der Gemeinschaft.<br \/>\nDie breit gef\u00e4cherte Chorliteratur reicht von <span style=\"color: #000000;\">Klassik bis Pop <\/span>und verbindet Tradition und Moderne sowie Jung und Alt.<\/p>\n<p><span style=\"color: #000000;\">Unser Liederkranz besteht aus 6 Ch\u00f6ren:<\/span><br \/>\n<em><span style=\"color: #000000;\"> (bitte jeweils anklicken)<\/span><\/em><\/p>\n<p><strong><span style=\"color: #3b9bd0;\"><a style=\"color: #3b9bd0;\" title=\"KlangArt\" href=\"http:\/\/liederkranz-ehningen.de\/?page_id=51\">Gemischter Chor &#8222;KlangArt&#8220;<\/a><\/span><\/strong><\/p>\n<p><strong><span style=\"color: #3b9bd0;\"><a style=\"color: #3b9bd0;\" title=\"CHORios\" href=\"http:\/\/liederkranz-ehningen.de\/?page_id=53\">M\u00e4nnerchor &#8222;CHORios&#8220;<\/a><\/span><\/strong><\/p>\n<p><strong><span style=\"color: #3b9bd0;\"><a style=\"color: #3b9bd0;\" title=\"TAKTVOLL\" href=\"http:\/\/liederkranz-ehningen.de\/?page_id=55\">Chor &#8222;TAKTVOLL&#8220;<\/a><\/span><\/strong><\/p>\n<p><strong><a href=\"https:\/\/www.liederkranz-ehningen.de\/?page_id=5108\">A Cappella Ensemble<\/a><\/strong><\/p>\n<p><a href=\"https:\/\/www.liederkranz-ehningen.de\/?page_id=4528\"><strong><span style=\"color: #3b9bd0;\">Kinderchor &#8222;c\u2019OHRw\u00fcrmer&#8220;<\/span><\/strong><\/a><\/p>\n<p><a href=\"https:\/\/www.liederkranz-ehningen.de\/?page_id=5157\"><strong>Jugendchor &#8222;YOUNG voices Ehningen&#8220;<\/strong><\/a><\/p>\n<p>Alle Chorgruppen verbindet ein freundschaftliches Miteinander, das bei der Bew\u00e4ltigung unserer Vereinsfeste und Veranstaltungen, sowie bei der Durchf\u00fchrung gemeinsamer Konzerte gefestigt wird.<\/p>\n<p><strong>Gemeinsame Konzerte:<\/strong><\/p>\n<ul>\n<li><span style=\"color: #3b9bd0;\">Carmina Burana von Carl Orff<\/span><\/li>\n<li><span style=\"color: #3b9bd0;\">Weihnachtsoratorium von J.S. Bach<\/span><\/li>\n<li><span style=\"color: #3b9bd0;\">Friedensmesse &#8222;The Armed Man&#8220; von Karl Jenkins<\/span><\/li>\n<\/ul>\n<p>Selbstverst\u00e4ndlich k\u00f6nnen die Liederkranz-Mitglieder in mehreren Chorgruppen singen und m\u00fcssen nur die Freude an der Musik und dem Singen mitbringen.<br \/>\nKommen Sie einfach vorbei und schnuppern Sie in eine unserer Chorproben!<\/p>\n","protected":false},"excerpt":{"rendered":"<p>Der Liederkranz Ehningen geh\u00f6rt im Landkreis B\u00f6blingen und im Chorverband Otto Elben zu den zahlenm\u00e4\u00dfig st\u00e4rksten Chorvereinigungen. Mit inzwischen 130&nbsp;aktiven S\u00e4ngerinnen und S\u00e4ngern vermittelt der Liederkranz mit seinen&nbsp;Chorleiter Benjamin Schreij\u00e4g und Fiona Illenseer die Freude am Singen und an der Gemeinschaft. Die breit gef\u00e4cherte Chorliteratur reicht von Klassik bis Pop und verbindet Tradition und Moderne &#8230; <a title=\"Unsere Ch\u00f6re\" class=\"read-more\" href=\"https:\/\/www.liederkranz-ehningen.de\/?page_id=8\" aria-label=\"Mehr dazu unter Unsere Ch\u00f6re\">Weiterlesen<\/a><\/p>\n","protected":false},"author":1,"featured_media":0,"parent":0,"menu_order":0,"comment_status":"closed","ping_status":"closed","template":"","meta":{"ngg_post_thumbnail":0,"footnotes":""},"_links":{"self":[{"href":"https:\/\/www.liederkranz-ehningen.de\/index.php?rest_route=\/wp\/v2\/pages\/8"}],"collection":[{"href":"https:\/\/www.liederkranz-ehningen.de\/index.php?rest_route=\/wp\/v2\/pages"}],"about":[{"href":"https:\/\/www.liederkranz-ehningen.de\/index.php?rest_route=\/wp\/v2\/types\/page"}],"author":[{"embeddable":true,"href":"https:\/\/www.liederkranz-ehningen.de\/index.php?rest_route=\/wp\/v2\/users\/1"}],"replies":[{"embeddable":true,"href":"https:\/\/www.liederkranz-ehningen.de\/index.php?rest_route=%2Fwp%2Fv2%2Fcomments&post=8"}],"version-history":[{"count":21,"href":"https:\/\/www.liederkranz-ehningen.de\/index.php?rest_route=\/wp\/v2\/pages\/8\/revisions"}],"predecessor-version":[{"id":5198,"href":"https:\/\/www.liederkranz-ehningen.de\/index.php?rest_route=\/wp\/v2\/pages\/8\/revisions\/5198"}],"wp:attachment":[{"href":"https:\/\/www.liederkranz-ehningen.de\/index.php?rest_route=%2Fwp%2Fv2%2Fmedia&parent=8"}],"curies":[{"name":"wp","href":"https:\/\/api.w.org\/{rel}","templated":true}]}}