{"id":55,"date":"2015-01-29T12:52:45","date_gmt":"2015-01-29T11:52:45","guid":{"rendered":"http:\/\/wordpress.liederkranz-ehningen.de\/?page_id=55"},"modified":"2026-04-01T14:11:39","modified_gmt":"2026-04-01T13:11:39","slug":"taktvoll","status":"publish","type":"page","link":"https:\/\/www.liederkranz-ehningen.de\/?page_id=55","title":{"rendered":"TAKTVOLL"},"content":{"rendered":"<h5><strong>Willkommen bei TAKTVOLL \u2013 mehr als ein gemischten Chor&nbsp;<\/strong><\/h5>\n<h5><span style=\"color: #3b9bd0;\"><span style=\"color: #000000;\">D<\/span><\/span><span style=\"color: #3b9bd0;\"><span style=\"color: #000000;\">er <\/span><\/span><span style=\"color: #3b9bd0;\"><span style=\"color: #000000;\">Chor \u201eTAKTVOLL\u201c&nbsp; <\/span><\/span>wurde im Jahre 2002 als Projektchor gegr\u00fcndet und ist heute ein unverzichtbarer Teil des Liederkranz.<\/h5>\n<p><img loading=\"lazy\" decoding=\"async\" class=\"alignnone wp-image-5187 size-full\" src=\"https:\/\/www.liederkranz-ehningen.de\/wp-content\/uploads\/2025\/09\/Taktvoll-1-scaled-e1759251057743.jpg\" alt=\"\" width=\"2555\" height=\"1207\" srcset=\"https:\/\/www.liederkranz-ehningen.de\/wp-content\/uploads\/2025\/09\/Taktvoll-1-scaled-e1759251057743.jpg 2555w, https:\/\/www.liederkranz-ehningen.de\/wp-content\/uploads\/2025\/09\/Taktvoll-1-scaled-e1759251057743-300x142.jpg 300w, https:\/\/www.liederkranz-ehningen.de\/wp-content\/uploads\/2025\/09\/Taktvoll-1-scaled-e1759251057743-1024x484.jpg 1024w, https:\/\/www.liederkranz-ehningen.de\/wp-content\/uploads\/2025\/09\/Taktvoll-1-scaled-e1759251057743-768x363.jpg 768w, https:\/\/www.liederkranz-ehningen.de\/wp-content\/uploads\/2025\/09\/Taktvoll-1-scaled-e1759251057743-1536x726.jpg 1536w, https:\/\/www.liederkranz-ehningen.de\/wp-content\/uploads\/2025\/09\/Taktvoll-1-scaled-e1759251057743-2048x967.jpg 2048w\" sizes=\"(max-width: 2555px) 100vw, 2555px\" \/><\/p>\n<p>TAKTVOLL steht f\u00fcr <strong>musikalische Vielfalt, Offenheit<\/strong> und <strong>lebendige Gemeinschaft.<\/strong> Rund 60 S\u00e4ngerinnen und S\u00e4nger unterschiedlichen Alters vereinen hier ihre Stimmen \u2013 und ihre Begeisterung f\u00fcr Musik aus aller Welt.<\/p>\n<p>Unser Repertoire ist bunt<strong>:<\/strong> Von klassischen Werken bis hin zu modernen Pop-Arrangements, von afrikanischen Rhythmen bis zu schwedischen Klanglandschaften und in den unterschiedlichsten Sprachen.<\/p>\n<p>Was uns auszeichnet? Neugier und Mut. TAKTVOLL stellt sich immer wieder neuen Herausforderungen. Wir probieren Neues aus, lassen uns auf Unbekanntes ein und entwickeln unseren Klang immer weiter. Dabei steht die <strong>Freude am gemeinsamen Singen<\/strong> stets im Mittelpunkt.<\/p>\n<p>Doch TAKTVOLL ist mehr als ein Chor. Gemeinschaft wird bei uns gro\u00dfgeschrieben. Proben, Konzerte und gemeinsame Aktivit\u00e4ten schaffen Verbindungen, die weit \u00fcber die Musik hinausgehen.<\/p>\n<p>Ob auf der B\u00fchne oder im Probenraum \u2013 <strong>TAKTVOLL<\/strong> lebt von der <strong>Energie<\/strong> und <strong>Leidenschaft<\/strong> seiner Mitglieder.<\/p>\n<p><strong>Sing mit uns. Erlebe Gemeinschaft. Bring frischen Sound in dein Leben. <\/strong><\/p>\n<p>Folgende Chorwerke f\u00fchrte man mehrmals zusammen mit den anderen Liederkranz-Chorgruppen auf:<\/p>\n<p><span style=\"color: #3b9bd0;\">&#8222;Carmina Burana&#8220;<\/span> <em>von Carl Orff<\/em><br \/>\n<span style=\"color: #3b9bd0;\">&#8222;Weihnachts-Oratorium&#8220;<\/span> <em>von Johann Sebastian Bach<\/em><br \/>\n<span style=\"color: #3b9bd0;\">&#8222;The Armed Man&#8220;<\/span> <em>Friedensmesse von Karl Jenkins<\/em><\/p>\n<p><span style=\"color: #000000;\"><strong>Chorleiterin: Martina Pirrotta<\/strong><\/span><\/p>\n<p><strong><span style=\"color: #3b9bd0;\">Probentermine:<\/span><\/strong><br \/>\n<strong>montags<\/strong> <strong>14-t\u00e4gig<\/strong> (in den geraden Wochen) von <strong>20.00 &#8211; 22.00 Uhr,<\/strong><br \/>\nim Probenraum der Fron\u00e4ckerschule, 71139 Ehningen, Gartenstra\u00dfe 11<\/p>\n","protected":false},"excerpt":{"rendered":"<p>Willkommen bei TAKTVOLL \u2013 mehr als ein gemischten Chor&nbsp; Der Chor \u201eTAKTVOLL\u201c&nbsp; wurde im Jahre 2002 als Projektchor gegr\u00fcndet und ist heute ein unverzichtbarer Teil des Liederkranz. TAKTVOLL steht f\u00fcr musikalische Vielfalt, Offenheit und lebendige Gemeinschaft. Rund 60 S\u00e4ngerinnen und S\u00e4nger unterschiedlichen Alters vereinen hier ihre Stimmen \u2013 und ihre Begeisterung f\u00fcr Musik aus aller &#8230; <a title=\"TAKTVOLL\" class=\"read-more\" href=\"https:\/\/www.liederkranz-ehningen.de\/?page_id=55\" aria-label=\"Mehr dazu unter TAKTVOLL\">Weiterlesen<\/a><\/p>\n","protected":false},"author":1,"featured_media":0,"parent":0,"menu_order":0,"comment_status":"closed","ping_status":"closed","template":"","meta":{"ngg_post_thumbnail":0,"footnotes":""},"_links":{"self":[{"href":"https:\/\/www.liederkranz-ehningen.de\/index.php?rest_route=\/wp\/v2\/pages\/55"}],"collection":[{"href":"https:\/\/www.liederkranz-ehningen.de\/index.php?rest_route=\/wp\/v2\/pages"}],"about":[{"href":"https:\/\/www.liederkranz-ehningen.de\/index.php?rest_route=\/wp\/v2\/types\/page"}],"author":[{"embeddable":true,"href":"https:\/\/www.liederkranz-ehningen.de\/index.php?rest_route=\/wp\/v2\/users\/1"}],"replies":[{"embeddable":true,"href":"https:\/\/www.liederkranz-ehningen.de\/index.php?rest_route=%2Fwp%2Fv2%2Fcomments&post=55"}],"version-history":[{"count":23,"href":"https:\/\/www.liederkranz-ehningen.de\/index.php?rest_route=\/wp\/v2\/pages\/55\/revisions"}],"predecessor-version":[{"id":5362,"href":"https:\/\/www.liederkranz-ehningen.de\/index.php?rest_route=\/wp\/v2\/pages\/55\/revisions\/5362"}],"wp:attachment":[{"href":"https:\/\/www.liederkranz-ehningen.de\/index.php?rest_route=%2Fwp%2Fv2%2Fmedia&parent=55"}],"curies":[{"name":"wp","href":"https:\/\/api.w.org\/{rel}","templated":true}]}}