{"id":53,"date":"2015-01-29T12:52:23","date_gmt":"2015-01-29T11:52:23","guid":{"rendered":"http:\/\/wordpress.liederkranz-ehningen.de\/?page_id=53"},"modified":"2026-04-01T13:33:11","modified_gmt":"2026-04-01T12:33:11","slug":"chorios","status":"publish","type":"page","link":"https:\/\/www.liederkranz-ehningen.de\/?page_id=53","title":{"rendered":"CHORios"},"content":{"rendered":"<p><span style=\"color: #3b9bd0;\"><strong>Der M\u00e4nnerchor &#8222;CHORios&#8220;&nbsp;<\/strong><\/span><span style=\"color: #000000;\">ist einer der<\/span> wenigen<span style=\"color: #000000;\"> M\u00e4nnerch\u00f6re in der Region.<\/span>&nbsp;<br \/>\n<span style=\"color: #000000;\">Wir sind derzeit ca. 30 Best Ager ;-). <\/span><\/p>\n<p><img loading=\"lazy\" decoding=\"async\" class=\"alignnone wp-image-5186 size-full\" src=\"https:\/\/www.liederkranz-ehningen.de\/wp-content\/uploads\/2025\/09\/Liederkranz-045-1-scaled-e1759250768620.jpg\" alt=\"\" width=\"2555\" height=\"1203\" srcset=\"https:\/\/www.liederkranz-ehningen.de\/wp-content\/uploads\/2025\/09\/Liederkranz-045-1-scaled-e1759250768620.jpg 2555w, https:\/\/www.liederkranz-ehningen.de\/wp-content\/uploads\/2025\/09\/Liederkranz-045-1-scaled-e1759250768620-300x141.jpg 300w, https:\/\/www.liederkranz-ehningen.de\/wp-content\/uploads\/2025\/09\/Liederkranz-045-1-scaled-e1759250768620-1024x482.jpg 1024w, https:\/\/www.liederkranz-ehningen.de\/wp-content\/uploads\/2025\/09\/Liederkranz-045-1-scaled-e1759250768620-768x362.jpg 768w, https:\/\/www.liederkranz-ehningen.de\/wp-content\/uploads\/2025\/09\/Liederkranz-045-1-scaled-e1759250768620-1536x723.jpg 1536w, https:\/\/www.liederkranz-ehningen.de\/wp-content\/uploads\/2025\/09\/Liederkranz-045-1-scaled-e1759250768620-2048x964.jpg 2048w\" sizes=\"(max-width: 2555px) 100vw, 2555px\" \/><\/p>\n<p><span style=\"color: #000000;\">Wir <em><strong>singen<\/strong><\/em> <em><strong>jede Literatur <\/strong><\/em>gerne \u2013 ob aktuelle Titel aus Pop von z.B. Max Giesinger oder den Prinzen bis hin zu Rock-Hits wie \u201eNothing else matters\u201c.<br \/>\n<\/span><span style=\"font-size: revert;\">\u00dcberzeugt sind wir von der neuen <\/span><em style=\"font-size: revert;\"><strong>Gesangstechnik<\/strong><\/em><span style=\"font-size: revert;\">. Mit <\/span><em style=\"font-size: revert;\"><strong>Twang<\/strong><\/em><span style=\"font-size: revert;\"> und den <\/span><em style=\"font-size: revert;\"><strong>Vokal Modes<\/strong><\/em><span style=\"font-size: revert;\"> schonen und st\u00e4rken wir nicht nur unsere Singstimme,&nbsp;sondern verleihen den Liedern auch den richtigen Klang.&nbsp;<br \/>\nWillst du es mal ausprobieren? Dann komm einfach mal bei uns vorbei.<br \/>\n\u2026und keine Sorge! Wir sind alle keine Profis, haben aber viel Spa\u00df und Freude am gemeinsamen Singen.&nbsp;<br \/>\n<\/span><\/p>\n<p>Folgende Chorwerke wurden zusammen mit den anderen Liederkranz-Ch\u00f6ren mehrfach aufgef\u00fchrt:<\/p>\n<p><span style=\"color: #3b9bd0;\">&#8222;Carmina Burana&#8220;<\/span> <em>von Carl Orff<\/em><br \/>\n<span style=\"color: #3b9bd0;\">&#8220; Weihnachts-Oratorium&#8220;<\/span> <em>von Johann Sebastian Bach<\/em><br \/>\n<span style=\"color: #3b9bd0;\">&#8222;The Armed Man&#8220;<\/span> <em>Friedensmesse von Karl Jenkins<\/em><\/p>\n<p><span style=\"color: #3b9bd0;\"><strong><span style=\"color: #000000;\">Chorleiter:&nbsp;&nbsp;Benjamin Schreij\u00e4g<\/span><\/strong><\/span><\/p>\n<p><strong><span style=\"color: #3b9bd0;\">Probentermine:<\/span> <\/strong><br \/>\njeweils<strong> donnerstags <\/strong>von<strong> 20.45 &#8211; 22.00 Uhr<\/strong><br \/>\nim Probenraum der Fron\u00e4ckerschule, 71139 Ehningen, Gartenstra\u00dfe 11<\/p>\n","protected":false},"excerpt":{"rendered":"<p>Der M\u00e4nnerchor &#8222;CHORios&#8220;&nbsp;ist einer der wenigen M\u00e4nnerch\u00f6re in der Region.&nbsp; Wir sind derzeit ca. 30 Best Ager ;-). Wir singen jede Literatur gerne \u2013 ob aktuelle Titel aus Pop von z.B. Max Giesinger oder den Prinzen bis hin zu Rock-Hits wie \u201eNothing else matters\u201c. \u00dcberzeugt sind wir von der neuen Gesangstechnik. Mit Twang und den &#8230; <a title=\"CHORios\" class=\"read-more\" href=\"https:\/\/www.liederkranz-ehningen.de\/?page_id=53\" aria-label=\"Mehr dazu unter CHORios\">Weiterlesen<\/a><\/p>\n","protected":false},"author":1,"featured_media":0,"parent":0,"menu_order":0,"comment_status":"closed","ping_status":"closed","template":"","meta":{"ngg_post_thumbnail":0,"footnotes":""},"_links":{"self":[{"href":"https:\/\/www.liederkranz-ehningen.de\/index.php?rest_route=\/wp\/v2\/pages\/53"}],"collection":[{"href":"https:\/\/www.liederkranz-ehningen.de\/index.php?rest_route=\/wp\/v2\/pages"}],"about":[{"href":"https:\/\/www.liederkranz-ehningen.de\/index.php?rest_route=\/wp\/v2\/types\/page"}],"author":[{"embeddable":true,"href":"https:\/\/www.liederkranz-ehningen.de\/index.php?rest_route=\/wp\/v2\/users\/1"}],"replies":[{"embeddable":true,"href":"https:\/\/www.liederkranz-ehningen.de\/index.php?rest_route=%2Fwp%2Fv2%2Fcomments&post=53"}],"version-history":[{"count":30,"href":"https:\/\/www.liederkranz-ehningen.de\/index.php?rest_route=\/wp\/v2\/pages\/53\/revisions"}],"predecessor-version":[{"id":5359,"href":"https:\/\/www.liederkranz-ehningen.de\/index.php?rest_route=\/wp\/v2\/pages\/53\/revisions\/5359"}],"wp:attachment":[{"href":"https:\/\/www.liederkranz-ehningen.de\/index.php?rest_route=%2Fwp%2Fv2%2Fmedia&parent=53"}],"curies":[{"name":"wp","href":"https:\/\/api.w.org\/{rel}","templated":true}]}}