{"id":5108,"date":"2025-05-09T13:32:31","date_gmt":"2025-05-09T12:32:31","guid":{"rendered":"https:\/\/www.liederkranz-ehningen.de\/?page_id=5108"},"modified":"2026-03-12T15:32:03","modified_gmt":"2026-03-12T14:32:03","slug":"a-cappella-chor","status":"publish","type":"page","link":"https:\/\/www.liederkranz-ehningen.de\/?page_id=5108","title":{"rendered":"A Cappella Ensemble"},"content":{"rendered":"<p>Wir alle wissen: Es wird zunehmend schwieriger, S\u00e4ngerinnen und S\u00e4nger langfristig f\u00fcr den Chorgesang zu gewinnen. Viele sind beruflich stark eingebunden, haben junge Familien oder suchen nach einem modernen, <b>vor allem<\/b> <b>flexiblen<\/b> musikalischen Angebot.<br \/>\nDas neue Ensemble soll genau das bieten \u2013 moderne Arrangements und maximale musikalische Freiheit. Damit sprechen wir gezielt Menschen an, die Spa\u00df an Musik haben, aber (noch) keine feste Bindung an klassische Chorstrukturen wollen.<\/p>\n<p><strong>Und so geht&#8217;s:<\/strong><\/p>\n<ul>\n<li>Proben alle <strong>vier Wochen<\/strong> oder nach Absprache und au\u00dferhalb der Ferien<br \/>\nDie Termine sind festgelegt bis zum n\u00e4chsten Konzert.<\/li>\n<li><b>Eigenst\u00e4ndiges Ein\u00fcben<\/b> mit Noten, \u00dcbe-Tracks etc.<\/li>\n<li><strong>Auswendig singen<\/strong><\/li>\n<li>ggf. mit <b>einfacher Choreografie oder Bewegung<\/b><\/li>\n<li>Musikstil: <b>modern, abwechslungsreich, popul\u00e4r<\/b><\/li>\n<\/ul>\n<p><b>Mein Benefit, Mitglied im Verein zu sein:<\/b><\/p>\n<ul>\n<li>Der <b>Beitrag ist erschwinglich<\/b>. Mit einem Jahresbeitrag von 100 Euro bist du dabei. Trotzdem kannst du immer zum Jahresende k\u00fcndigen, wenn sich in der pers\u00f6nlichen Situation etwas \u00e4ndert oder du keine Lust mehr hast.<\/li>\n<li>Du kannst <b>in allen Ch\u00f6ren des Verein<\/b><b>s<\/b><b> singen<\/b> ohne zus\u00e4tzliche Kosten .<\/li>\n<li><b>Viel<\/b><b>e<\/b><b> Auftrittsm\u00f6glichkeiten<\/b> bieten sich.<\/li>\n<li>Du bist neu im Ort? <b>Hier findest du Anschluss<\/b>, wenn du m\u00f6chtest!<\/li>\n<\/ul>\n<p><b>Steig jetzt ein und gestalte den neuen A Cappella Chor mit. <\/b><\/p>\n<p><strong>Chorleiter: <span style=\"color: #333333;\">Benjamin<\/span> Schreij\u00e4g<\/strong><\/p>\n<p><strong>Proben<\/strong> jeweils 4-w\u00f6chentlich mittwochs von 19 bis 22 Uhr. Konkrete Termine bitte bei&nbsp;<br \/>\nCarmen 0173 83 63 393 oder Manfred 0176 42 63&nbsp;99 04 erfragen.<\/p>\n","protected":false},"excerpt":{"rendered":"<p>Wir alle wissen: Es wird zunehmend schwieriger, S\u00e4ngerinnen und S\u00e4nger langfristig f\u00fcr den Chorgesang zu gewinnen. Viele sind beruflich stark eingebunden, haben junge Familien oder suchen nach einem modernen, vor allem flexiblen musikalischen Angebot. Das neue Ensemble soll genau das bieten \u2013 moderne Arrangements und maximale musikalische Freiheit. Damit sprechen wir gezielt Menschen an, die &#8230; <a title=\"A Cappella Ensemble\" class=\"read-more\" href=\"https:\/\/www.liederkranz-ehningen.de\/?page_id=5108\" aria-label=\"Mehr dazu unter A Cappella Ensemble\">Weiterlesen<\/a><\/p>\n","protected":false},"author":1,"featured_media":0,"parent":0,"menu_order":0,"comment_status":"closed","ping_status":"closed","template":"","meta":{"ngg_post_thumbnail":0,"footnotes":""},"_links":{"self":[{"href":"https:\/\/www.liederkranz-ehningen.de\/index.php?rest_route=\/wp\/v2\/pages\/5108"}],"collection":[{"href":"https:\/\/www.liederkranz-ehningen.de\/index.php?rest_route=\/wp\/v2\/pages"}],"about":[{"href":"https:\/\/www.liederkranz-ehningen.de\/index.php?rest_route=\/wp\/v2\/types\/page"}],"author":[{"embeddable":true,"href":"https:\/\/www.liederkranz-ehningen.de\/index.php?rest_route=\/wp\/v2\/users\/1"}],"replies":[{"embeddable":true,"href":"https:\/\/www.liederkranz-ehningen.de\/index.php?rest_route=%2Fwp%2Fv2%2Fcomments&post=5108"}],"version-history":[{"count":7,"href":"https:\/\/www.liederkranz-ehningen.de\/index.php?rest_route=\/wp\/v2\/pages\/5108\/revisions"}],"predecessor-version":[{"id":5348,"href":"https:\/\/www.liederkranz-ehningen.de\/index.php?rest_route=\/wp\/v2\/pages\/5108\/revisions\/5348"}],"wp:attachment":[{"href":"https:\/\/www.liederkranz-ehningen.de\/index.php?rest_route=%2Fwp%2Fv2%2Fmedia&parent=5108"}],"curies":[{"name":"wp","href":"https:\/\/api.w.org\/{rel}","templated":true}]}}