{"id":51,"date":"2015-01-29T12:52:01","date_gmt":"2015-01-29T11:52:01","guid":{"rendered":"http:\/\/wordpress.liederkranz-ehningen.de\/?page_id=51"},"modified":"2026-04-01T13:31:21","modified_gmt":"2026-04-01T12:31:21","slug":"klangart","status":"publish","type":"page","link":"https:\/\/www.liederkranz-ehningen.de\/?page_id=51","title":{"rendered":"KlangArt"},"content":{"rendered":"<h4><span style=\"color: #3b9bd0;\">In unserem gemischten Chor<\/span>&nbsp;<span style=\"color: #3b9bd0;\"><strong>&#8222;KlangArt&#8220;<\/strong><\/span>, der seit 1954 besteht, singen ca. <strong><span style=\"color: #3b9bd0;\">50 junge und jung gebliebene S\u00e4ngerinnen und S\u00e4nger<\/span><\/strong>.<\/h4>\n<p><img loading=\"lazy\" decoding=\"async\" class=\"alignnone wp-image-5185 size-full\" src=\"https:\/\/www.liederkranz-ehningen.de\/wp-content\/uploads\/2025\/09\/Liederkranz_Chorkonzert_30.9.23-136-2-scaled.jpg\" alt=\"\" width=\"2560\" height=\"1371\" srcset=\"https:\/\/www.liederkranz-ehningen.de\/wp-content\/uploads\/2025\/09\/Liederkranz_Chorkonzert_30.9.23-136-2-scaled.jpg 2560w, https:\/\/www.liederkranz-ehningen.de\/wp-content\/uploads\/2025\/09\/Liederkranz_Chorkonzert_30.9.23-136-2-300x161.jpg 300w, https:\/\/www.liederkranz-ehningen.de\/wp-content\/uploads\/2025\/09\/Liederkranz_Chorkonzert_30.9.23-136-2-1024x548.jpg 1024w, https:\/\/www.liederkranz-ehningen.de\/wp-content\/uploads\/2025\/09\/Liederkranz_Chorkonzert_30.9.23-136-2-768x411.jpg 768w, https:\/\/www.liederkranz-ehningen.de\/wp-content\/uploads\/2025\/09\/Liederkranz_Chorkonzert_30.9.23-136-2-1536x823.jpg 1536w, https:\/\/www.liederkranz-ehningen.de\/wp-content\/uploads\/2025\/09\/Liederkranz_Chorkonzert_30.9.23-136-2-2048x1097.jpg 2048w\" sizes=\"(max-width: 2560px) 100vw, 2560px\" \/><\/p>\n<p>Unsere Chorliteratur ist<em><strong> modern und vielf\u00e4ltig<\/strong><\/em>. Titel von Adele, Ed Sheeran u.v.a. begeistern nicht nur unsere S\u00e4ngerinnen und S\u00e4nger, sondern auch unser Publikum.<br \/>\nModern ist auch unsere <em><strong>Singtechnik<\/strong><\/em>.<br \/>\n<em><strong>Twang<\/strong><\/em> und\/oder die verschiedenen <em><strong>Vocal Modes<\/strong><\/em> benutzen nicht nur die Profis in Rock, Pop und klassischem Gesang, sondern auch wir Chors\u00e4ngerinnen und -s\u00e4nger. Du schonst damit nicht nur dein Stimme, sondern verleihst ihr auch Volumen und Tragkraft.<br \/>\nWillst du h\u00f6ren, was in dir steckt?<br \/>\nDann komm einfach mal bei uns vorbei und probiere es aus.<br \/>\n&#8230;und keine Sorge! Wir sind alle keine Profis, haben aber viel Spa\u00df und Freude am gemeinsamen Singen.&nbsp;<span style=\"color: #000000;\"><br \/>\n<\/span><\/p>\n<p>Folgende Chorwerke f\u00fchrte man u.a. zusammen mit den anderen Liederkranz-Ch\u00f6re auf:<br \/>\n<span style=\"color: #3b9bd0;\">&#8222;Carmina Burana&#8220;<\/span> <em>von Carl Orff<\/em><br \/>\n<span style=\"color: #3b9bd0;\">&#8222;Weihnachts-Oratorium&#8220;<\/span> <em>von Johann Sebastian Bach<\/em><br \/>\n<span style=\"color: #3b9bd0;\">&#8222;The Armed Man&#8220;<\/span> <em>Friedensmesse von Karl Jenkins<\/em><\/p>\n<p><span style=\"color: #000000;\"><strong>Chorleiter:&nbsp;Benjamin Schreij\u00e4g<\/strong><\/span><\/p>\n<p><strong><span style=\"color: #3b9bd0;\">Probentermine:<\/span><\/strong><br \/>\njeweils<strong> donnerstags <\/strong>von<strong> 19.00 &#8211; 20.45 Uhr<\/strong><br \/>\nim Probenraum der Fron\u00e4ckerschule, 71139 Ehningen, Gartenstra\u00dfe 11<\/p>\n","protected":false},"excerpt":{"rendered":"<p>In unserem gemischten Chor&nbsp;&#8222;KlangArt&#8220;, der seit 1954 besteht, singen ca. 50 junge und jung gebliebene S\u00e4ngerinnen und S\u00e4nger. Unsere Chorliteratur ist modern und vielf\u00e4ltig. Titel von Adele, Ed Sheeran u.v.a. begeistern nicht nur unsere S\u00e4ngerinnen und S\u00e4nger, sondern auch unser Publikum. Modern ist auch unsere Singtechnik. Twang und\/oder die verschiedenen Vocal Modes benutzen nicht nur &#8230; <a title=\"KlangArt\" class=\"read-more\" href=\"https:\/\/www.liederkranz-ehningen.de\/?page_id=51\" aria-label=\"Mehr dazu unter KlangArt\">Weiterlesen<\/a><\/p>\n","protected":false},"author":1,"featured_media":0,"parent":0,"menu_order":0,"comment_status":"closed","ping_status":"closed","template":"","meta":{"ngg_post_thumbnail":0,"footnotes":""},"_links":{"self":[{"href":"https:\/\/www.liederkranz-ehningen.de\/index.php?rest_route=\/wp\/v2\/pages\/51"}],"collection":[{"href":"https:\/\/www.liederkranz-ehningen.de\/index.php?rest_route=\/wp\/v2\/pages"}],"about":[{"href":"https:\/\/www.liederkranz-ehningen.de\/index.php?rest_route=\/wp\/v2\/types\/page"}],"author":[{"embeddable":true,"href":"https:\/\/www.liederkranz-ehningen.de\/index.php?rest_route=\/wp\/v2\/users\/1"}],"replies":[{"embeddable":true,"href":"https:\/\/www.liederkranz-ehningen.de\/index.php?rest_route=%2Fwp%2Fv2%2Fcomments&post=51"}],"version-history":[{"count":43,"href":"https:\/\/www.liederkranz-ehningen.de\/index.php?rest_route=\/wp\/v2\/pages\/51\/revisions"}],"predecessor-version":[{"id":5358,"href":"https:\/\/www.liederkranz-ehningen.de\/index.php?rest_route=\/wp\/v2\/pages\/51\/revisions\/5358"}],"wp:attachment":[{"href":"https:\/\/www.liederkranz-ehningen.de\/index.php?rest_route=%2Fwp%2Fv2%2Fmedia&parent=51"}],"curies":[{"name":"wp","href":"https:\/\/api.w.org\/{rel}","templated":true}]}}