{"id":4967,"date":"2025-02-03T17:20:47","date_gmt":"2025-02-03T16:20:47","guid":{"rendered":"https:\/\/www.liederkranz-ehningen.de\/?page_id=4967"},"modified":"2025-10-22T07:46:26","modified_gmt":"2025-10-22T06:46:26","slug":"maennerchor-reloaded","status":"publish","type":"page","link":"https:\/\/www.liederkranz-ehningen.de\/?page_id=4967","title":{"rendered":"M\u00c4NNERCHOR RELOADED"},"content":{"rendered":"\n<p>Unsere Kampagne &#8222;<strong>M\u00c4NNERCHOR RELOADED<\/strong>&#8220; richtet sich gezielt an M\u00e4nner &#8211; egal ob mit oder ohne Erfahrung mit Gesang. Wir bieten eine lebendige Gemeinschaft und viel Freude am Singen und Feiern. Unsere Liedauswahl ist\u00a0vielf\u00e4ltig und modern. In diesem Jahr haben wir deutsche Rock- und Pop-Titel ausgesucht (z.B. &#8222;Lass und gehen&#8220; von Revolerheld, &#8222;Tage wie diese&#8220; von den Toten Hosen) und bereiten uns auf ein Konzert im November vor.\u00a0Auch unsere\u00a0Gesangstechnik ist modern: Wir lernen, dass man mit &#8222;Twang&#8220; oder &#8222;Belting&#8220; den richtigen Sound f\u00fcr Pop- und Rockmusik gestaltet.\u00a0Das ist nicht nur schonend f\u00fcr die Stimme, sondern verleiht der Stimme auch Volumen und Tragkraft.\u00a0Professionelle Anleitung und die Unterst\u00fctzung durch unsere erfahrenen S\u00e4ngerinnen und S\u00e4nger helfen beim Einstieg.<\/p>\n\n\n\n<p>Willst Du h\u00f6ren, was in Dir steckt? Dann komm einfach bei uns vorbei und probiere es aus. Fragen beantworten gerne Manfred Klinger, Tel. 0176 4263 9904,&nbsp;und Carmen Hartmann, Tel. 0173 836 3393<\/p>\n\n\n\n<figure class=\"wp-block-image size-full\"><img loading=\"lazy\" decoding=\"async\" width=\"559\" height=\"793\" src=\"https:\/\/www.liederkranz-ehningen.de\/wp-content\/uploads\/2025\/02\/IMG-20250126-WA0000.jpg\" alt=\"\" class=\"wp-image-4968\" srcset=\"https:\/\/www.liederkranz-ehningen.de\/wp-content\/uploads\/2025\/02\/IMG-20250126-WA0000.jpg 559w, https:\/\/www.liederkranz-ehningen.de\/wp-content\/uploads\/2025\/02\/IMG-20250126-WA0000-211x300.jpg 211w\" sizes=\"(max-width: 559px) 100vw, 559px\" \/><\/figure>\n","protected":false},"excerpt":{"rendered":"<p>Unsere Kampagne &#8222;M\u00c4NNERCHOR RELOADED&#8220; richtet sich gezielt an M\u00e4nner &#8211; egal ob mit oder ohne Erfahrung mit Gesang. Wir bieten eine lebendige Gemeinschaft und viel Freude am Singen und Feiern. Unsere Liedauswahl ist\u00a0vielf\u00e4ltig und modern. In diesem Jahr haben wir deutsche Rock- und Pop-Titel ausgesucht (z.B. &#8222;Lass und gehen&#8220; von Revolerheld, &#8222;Tage wie diese&#8220; von &#8230; <a title=\"M\u00c4NNERCHOR RELOADED\" class=\"read-more\" href=\"https:\/\/www.liederkranz-ehningen.de\/?page_id=4967\" aria-label=\"Mehr dazu unter M\u00c4NNERCHOR RELOADED\">Weiterlesen<\/a><\/p>\n","protected":false},"author":1,"featured_media":0,"parent":0,"menu_order":0,"comment_status":"closed","ping_status":"closed","template":"","meta":{"ngg_post_thumbnail":0,"footnotes":""},"_links":{"self":[{"href":"https:\/\/www.liederkranz-ehningen.de\/index.php?rest_route=\/wp\/v2\/pages\/4967"}],"collection":[{"href":"https:\/\/www.liederkranz-ehningen.de\/index.php?rest_route=\/wp\/v2\/pages"}],"about":[{"href":"https:\/\/www.liederkranz-ehningen.de\/index.php?rest_route=\/wp\/v2\/types\/page"}],"author":[{"embeddable":true,"href":"https:\/\/www.liederkranz-ehningen.de\/index.php?rest_route=\/wp\/v2\/users\/1"}],"replies":[{"embeddable":true,"href":"https:\/\/www.liederkranz-ehningen.de\/index.php?rest_route=%2Fwp%2Fv2%2Fcomments&post=4967"}],"version-history":[{"count":4,"href":"https:\/\/www.liederkranz-ehningen.de\/index.php?rest_route=\/wp\/v2\/pages\/4967\/revisions"}],"predecessor-version":[{"id":4983,"href":"https:\/\/www.liederkranz-ehningen.de\/index.php?rest_route=\/wp\/v2\/pages\/4967\/revisions\/4983"}],"wp:attachment":[{"href":"https:\/\/www.liederkranz-ehningen.de\/index.php?rest_route=%2Fwp%2Fv2%2Fmedia&parent=4967"}],"curies":[{"name":"wp","href":"https:\/\/api.w.org\/{rel}","templated":true}]}}