{"id":4960,"date":"2025-01-07T08:20:14","date_gmt":"2025-01-07T07:20:14","guid":{"rendered":"https:\/\/www.liederkranz-ehningen.de\/?page_id=4960"},"modified":"2025-01-08T07:15:55","modified_gmt":"2025-01-08T06:15:55","slug":"chorleiterin-fiona-illerseer","status":"publish","type":"page","link":"https:\/\/www.liederkranz-ehningen.de\/?page_id=4960","title":{"rendered":"Chorleiterin Fiona Illenseer"},"content":{"rendered":"\n<figure class=\"wp-block-image size-large is-resized\"><img loading=\"lazy\" decoding=\"async\" width=\"683\" height=\"1024\" src=\"https:\/\/www.liederkranz-ehningen.de\/wp-content\/uploads\/2025\/01\/Fiona-Einzel-Portrait-683x1024.jpg\" alt=\"\" class=\"wp-image-4961\" style=\"width:163px;height:auto\" srcset=\"https:\/\/www.liederkranz-ehningen.de\/wp-content\/uploads\/2025\/01\/Fiona-Einzel-Portrait-683x1024.jpg 683w, https:\/\/www.liederkranz-ehningen.de\/wp-content\/uploads\/2025\/01\/Fiona-Einzel-Portrait-200x300.jpg 200w, https:\/\/www.liederkranz-ehningen.de\/wp-content\/uploads\/2025\/01\/Fiona-Einzel-Portrait-768x1152.jpg 768w, https:\/\/www.liederkranz-ehningen.de\/wp-content\/uploads\/2025\/01\/Fiona-Einzel-Portrait-1024x1536.jpg 1024w, https:\/\/www.liederkranz-ehningen.de\/wp-content\/uploads\/2025\/01\/Fiona-Einzel-Portrait.jpg 1032w\" sizes=\"(max-width: 683px) 100vw, 683px\" \/><\/figure>\n\n\n\n<p>VITA<\/p>\n\n\n\n<p>Fiona Illenseer, geboren in Herrenberg, hat am Hohner-Konservatorium Trossingen mit den Schwerpunkten Klassisches Akkordeon, Dirigieren sowie Elementare Musikp\u00e4dagogik im Jahr 2015 sehr erfolgreich ihren Abschluss zur staatlich gepr\u00fcften Musikp\u00e4dagogin absolviert. Sie ist lizenzierte Musikgartenp\u00e4dagogin und bringt durch ihren gro\u00dfen Erfahrungsschatz stets neue Ideen in die Arbeit mit den Kindern ein.<\/p>\n\n\n\n<p>Ihr Ziel ist es, die Kinder mit viel Spa\u00df und Freude an die Musik heran zu f\u00fchren und den Chorgesang zu f\u00f6rdern. Dabei legt sie wert auf ein abwechslungsreiches Repertoire, um den Kindern einen vielseitigen Liederschatz n\u00e4her zu bringen.<\/p>\n\n\n\n<p>Von 2015-2019 hat Fiona Illenseer den Schulchor \u201ec\u2019OHRw\u00fcrmer\u201c als Kooperationsprojekt zwischen der Friedrich-Kammerer-Gemeinschaftsschule, dem Liederkranz Ehningen sowie der Gemeinde Ehningen aufgebaut und geleitet.<\/p>\n\n\n\n<p>Seit 2022 ist sie erneut Chorleiterin des neu gegr\u00fcndeten Kinderchores \u201ec\u2019OHRw\u00fcrmer\u201c des Liederkranzes Ehningen.<\/p>\n","protected":false},"excerpt":{"rendered":"<p>VITA Fiona Illenseer, geboren in Herrenberg, hat am Hohner-Konservatorium Trossingen mit den Schwerpunkten Klassisches Akkordeon, Dirigieren sowie Elementare Musikp\u00e4dagogik im Jahr 2015 sehr erfolgreich ihren Abschluss zur staatlich gepr\u00fcften Musikp\u00e4dagogin absolviert. Sie ist lizenzierte Musikgartenp\u00e4dagogin und bringt durch ihren gro\u00dfen Erfahrungsschatz stets neue Ideen in die Arbeit mit den Kindern ein. Ihr Ziel ist es, &#8230; <a title=\"Chorleiterin Fiona Illenseer\" class=\"read-more\" href=\"https:\/\/www.liederkranz-ehningen.de\/?page_id=4960\" aria-label=\"Mehr dazu unter Chorleiterin Fiona Illenseer\">Weiterlesen<\/a><\/p>\n","protected":false},"author":1,"featured_media":0,"parent":0,"menu_order":0,"comment_status":"closed","ping_status":"closed","template":"","meta":{"ngg_post_thumbnail":0,"footnotes":""},"_links":{"self":[{"href":"https:\/\/www.liederkranz-ehningen.de\/index.php?rest_route=\/wp\/v2\/pages\/4960"}],"collection":[{"href":"https:\/\/www.liederkranz-ehningen.de\/index.php?rest_route=\/wp\/v2\/pages"}],"about":[{"href":"https:\/\/www.liederkranz-ehningen.de\/index.php?rest_route=\/wp\/v2\/types\/page"}],"author":[{"embeddable":true,"href":"https:\/\/www.liederkranz-ehningen.de\/index.php?rest_route=\/wp\/v2\/users\/1"}],"replies":[{"embeddable":true,"href":"https:\/\/www.liederkranz-ehningen.de\/index.php?rest_route=%2Fwp%2Fv2%2Fcomments&post=4960"}],"version-history":[{"count":4,"href":"https:\/\/www.liederkranz-ehningen.de\/index.php?rest_route=\/wp\/v2\/pages\/4960\/revisions"}],"predecessor-version":[{"id":5235,"href":"https:\/\/www.liederkranz-ehningen.de\/index.php?rest_route=\/wp\/v2\/pages\/4960\/revisions\/5235"}],"wp:attachment":[{"href":"https:\/\/www.liederkranz-ehningen.de\/index.php?rest_route=%2Fwp%2Fv2%2Fmedia&parent=4960"}],"curies":[{"name":"wp","href":"https:\/\/api.w.org\/{rel}","templated":true}]}}