{"id":4476,"date":"2022-03-19T18:15:00","date_gmt":"2022-03-19T17:15:00","guid":{"rendered":"https:\/\/www.liederkranz-ehningen.de\/?page_id=4476"},"modified":"2022-04-08T08:17:09","modified_gmt":"2022-04-08T07:17:09","slug":"runter-vom-sofa-rein-in-den-chor","status":"publish","type":"page","link":"https:\/\/www.liederkranz-ehningen.de\/?page_id=4476","title":{"rendered":"Hallo,"},"content":{"rendered":"\n<p>sch\u00f6n Dich hier begr\u00fc\u00dfen zu d\u00fcrfen.<\/p>\n\n\n\n<p>Du hast Interesse am Singen und einer tollen Gemeinschaft?<br>Du m\u00f6chtest ein &#8222;echter Ehninger&#8220; werden? \u2026 im \u00e4ltesten Verein des Ortes?<\/p>\n\n\n\n<p>Na dann, komm in die n\u00e4chste Probe und wir beweisen Dir, dass wir lange nicht mehr so altmodisch sind, wie unserer Name. <br>Wir singen in allen Ch\u00f6ren moderne Lieder, von deutschem und englischem Rock\/Pop \u00fcber moderne Chormusik bis hin zu klassischen Werken. Wir suchen in allen Ch\u00f6ren Nachwuchss\u00e4nger\/-innen. Vor allem unser M\u00e4nnerchor w\u00fcnscht sich Unterst\u00fctzung.<\/p>\n\n\n\n<p><strong>Steig jetzt ein und sei bei unserem n\u00e4chsten Konzert schon dabei. <\/strong><\/p>\n\n\n\n<p>Aber wir k\u00f6nnen nicht nur singen\u2026.<br>Der Liederkranz ist ein wichtiger Bestandteil des gesellschaftlichen Lebens in Ehningen. Wir stemmen nicht nur den Maibaum mit Hocketse, wir sind auch bekannt f\u00fcr unser fantastisches 2-t\u00e4gigs Weinfest im Oktober. Aber auch bei der Markungsputzede oder als Gastgeber im Zehntscheuer- und im Begegnungs-Caf\u00e9 sind wir zu finden. <br><\/p>\n\n\n\n<figure class=\"wp-block-image size-large\"><img loading=\"lazy\" decoding=\"async\" width=\"709\" height=\"1024\" src=\"https:\/\/www.liederkranz-ehningen.de\/wp-content\/uploads\/2022\/04\/runter-vom-sofa-1-709x1024.jpg\" alt=\"\" class=\"wp-image-4500\" srcset=\"https:\/\/www.liederkranz-ehningen.de\/wp-content\/uploads\/2022\/04\/runter-vom-sofa-1-709x1024.jpg 709w, https:\/\/www.liederkranz-ehningen.de\/wp-content\/uploads\/2022\/04\/runter-vom-sofa-1-208x300.jpg 208w, https:\/\/www.liederkranz-ehningen.de\/wp-content\/uploads\/2022\/04\/runter-vom-sofa-1.jpg 712w\" sizes=\"(max-width: 709px) 100vw, 709px\" \/><\/figure>\n","protected":false},"excerpt":{"rendered":"<p>sch\u00f6n Dich hier begr\u00fc\u00dfen zu d\u00fcrfen. Du hast Interesse am Singen und einer tollen Gemeinschaft?Du m\u00f6chtest ein &#8222;echter Ehninger&#8220; werden? \u2026 im \u00e4ltesten Verein des Ortes? Na dann, komm in die n\u00e4chste Probe und wir beweisen Dir, dass wir lange nicht mehr so altmodisch sind, wie unserer Name. Wir singen in allen Ch\u00f6ren moderne Lieder, &#8230; <a title=\"Hallo,\" class=\"read-more\" href=\"https:\/\/www.liederkranz-ehningen.de\/?page_id=4476\" aria-label=\"Mehr dazu unter Hallo,\">Weiterlesen<\/a><\/p>\n","protected":false},"author":1,"featured_media":0,"parent":0,"menu_order":0,"comment_status":"closed","ping_status":"closed","template":"","meta":{"ngg_post_thumbnail":0,"footnotes":""},"_links":{"self":[{"href":"https:\/\/www.liederkranz-ehningen.de\/index.php?rest_route=\/wp\/v2\/pages\/4476"}],"collection":[{"href":"https:\/\/www.liederkranz-ehningen.de\/index.php?rest_route=\/wp\/v2\/pages"}],"about":[{"href":"https:\/\/www.liederkranz-ehningen.de\/index.php?rest_route=\/wp\/v2\/types\/page"}],"author":[{"embeddable":true,"href":"https:\/\/www.liederkranz-ehningen.de\/index.php?rest_route=\/wp\/v2\/users\/1"}],"replies":[{"embeddable":true,"href":"https:\/\/www.liederkranz-ehningen.de\/index.php?rest_route=%2Fwp%2Fv2%2Fcomments&post=4476"}],"version-history":[{"count":8,"href":"https:\/\/www.liederkranz-ehningen.de\/index.php?rest_route=\/wp\/v2\/pages\/4476\/revisions"}],"predecessor-version":[{"id":4507,"href":"https:\/\/www.liederkranz-ehningen.de\/index.php?rest_route=\/wp\/v2\/pages\/4476\/revisions\/4507"}],"wp:attachment":[{"href":"https:\/\/www.liederkranz-ehningen.de\/index.php?rest_route=%2Fwp%2Fv2%2Fmedia&parent=4476"}],"curies":[{"name":"wp","href":"https:\/\/api.w.org\/{rel}","templated":true}]}}