{"id":34,"date":"2015-01-29T12:48:26","date_gmt":"2015-01-29T11:48:26","guid":{"rendered":"http:\/\/wordpress.liederkranz-ehningen.de\/?page_id=34"},"modified":"2025-09-15T07:55:50","modified_gmt":"2025-09-15T06:55:50","slug":"mitgliedschaft","status":"publish","type":"page","link":"https:\/\/www.liederkranz-ehningen.de\/?page_id=34","title":{"rendered":"Mitgliedschaft"},"content":{"rendered":"<p>Download als PDF:&nbsp; <a href=\"https:\/\/www.liederkranz-ehningen.de\/wp-content\/uploads\/2025\/09\/01_Antrag_Mitgliedschaft_ab_25_07_10_aktualisiert-1.pdf\"><span style=\"color: #3366ff;\">Antrag auf Mitgliedschaft im Liederkranz Ehningen&nbsp;e.V.<\/span><\/a><\/p>\n<p>Download als PDF:&nbsp;&nbsp;<a href=\"https:\/\/www.liederkranz-ehningen.de\/wp-content\/uploads\/2022\/02\/18_07_12_Datenschutzerklaerung_gezUnterschriften.pdf\"><span style=\"color: #3366ff;\">Datenschutzerkl\u00e4rung<\/span><\/a><\/p>\n<p><strong>Mitgliederstand per 1. Januar 2022: <\/strong>&nbsp;231<br \/>\n<strong> davon aktive Mitglieder: <\/strong>&nbsp;128<br \/>\n<strong>davon f\u00f6rdernde Mitglieder:<\/strong> &nbsp;103<\/p>\n<h4><strong>Mitgliedsbeitr\u00e4ge:<\/strong><\/h4>\n<ul>\n<li>Der <strong>Jahresbeitrag<\/strong> betr\u00e4gt\n<ul>\n<li>f\u00fcr aktive Mitglieder = 100,00 \u20ac<\/li>\n<li>f\u00fcr Sch\u00fclerinnen und Sch\u00fcler, Auszubildende oder Teilnehmende an einem freiwilligen sozialen Jahr<br \/>\n(FSJ) bzw. am Bundesfreiwilligendienst (BFD), die das 27. Lebensjahres noch nicht vollendet haben: 50 \u20ac<\/li>\n<li>f\u00fcr f\u00f6rdernde Mitglieder = 30,00 \u20ac<\/li>\n<\/ul>\n<\/li>\n<li>Der Ehrenvorsitzende, passive Ehrenmitglieder und passive Ehrens\u00e4nger\/innen sind von der Beitragszahlung befreit.<\/li>\n<li>Mitglieder, die erst in der 2. Jahresh\u00e4lfte (ab 01. Juli) dem Verein beitreten, zahlen jeweils nur den halben Jahresbeitrag.<\/li>\n<\/ul>\n","protected":false},"excerpt":{"rendered":"<p>Download als PDF:&nbsp; Antrag auf Mitgliedschaft im Liederkranz Ehningen&nbsp;e.V. Download als PDF:&nbsp;&nbsp;Datenschutzerkl\u00e4rung Mitgliederstand per 1. Januar 2022: &nbsp;231 davon aktive Mitglieder: &nbsp;128 davon f\u00f6rdernde Mitglieder: &nbsp;103 Mitgliedsbeitr\u00e4ge: Der Jahresbeitrag betr\u00e4gt f\u00fcr aktive Mitglieder = 100,00 \u20ac f\u00fcr Sch\u00fclerinnen und Sch\u00fcler, Auszubildende oder Teilnehmende an einem freiwilligen sozialen Jahr (FSJ) bzw. am Bundesfreiwilligendienst (BFD), die das &#8230; <a title=\"Mitgliedschaft\" class=\"read-more\" href=\"https:\/\/www.liederkranz-ehningen.de\/?page_id=34\" aria-label=\"Mehr dazu unter Mitgliedschaft\">Weiterlesen<\/a><\/p>\n","protected":false},"author":1,"featured_media":0,"parent":0,"menu_order":0,"comment_status":"closed","ping_status":"closed","template":"","meta":{"ngg_post_thumbnail":0,"footnotes":""},"_links":{"self":[{"href":"https:\/\/www.liederkranz-ehningen.de\/index.php?rest_route=\/wp\/v2\/pages\/34"}],"collection":[{"href":"https:\/\/www.liederkranz-ehningen.de\/index.php?rest_route=\/wp\/v2\/pages"}],"about":[{"href":"https:\/\/www.liederkranz-ehningen.de\/index.php?rest_route=\/wp\/v2\/types\/page"}],"author":[{"embeddable":true,"href":"https:\/\/www.liederkranz-ehningen.de\/index.php?rest_route=\/wp\/v2\/users\/1"}],"replies":[{"embeddable":true,"href":"https:\/\/www.liederkranz-ehningen.de\/index.php?rest_route=%2Fwp%2Fv2%2Fcomments&post=34"}],"version-history":[{"count":28,"href":"https:\/\/www.liederkranz-ehningen.de\/index.php?rest_route=\/wp\/v2\/pages\/34\/revisions"}],"predecessor-version":[{"id":5146,"href":"https:\/\/www.liederkranz-ehningen.de\/index.php?rest_route=\/wp\/v2\/pages\/34\/revisions\/5146"}],"wp:attachment":[{"href":"https:\/\/www.liederkranz-ehningen.de\/index.php?rest_route=%2Fwp%2Fv2%2Fmedia&parent=34"}],"curies":[{"name":"wp","href":"https:\/\/api.w.org\/{rel}","templated":true}]}}