{"id":283,"date":"2015-04-13T07:35:10","date_gmt":"2015-04-13T06:35:10","guid":{"rendered":"http:\/\/wordpress.liederkranz-ehningen.de\/?page_id=283"},"modified":"2025-11-18T11:32:24","modified_gmt":"2025-11-18T10:32:24","slug":"herzlich-willkommen","status":"publish","type":"page","link":"https:\/\/www.liederkranz-ehningen.de\/?page_id=283","title":{"rendered":"Verein"},"content":{"rendered":"<h4><span style=\"color: #3e9bd0;\">Wir sind<br \/>\n<\/span><\/h4>\n<ul>\n<li>ein leistungsorientierter Gemischter Chor, der sich <a title=\"KlangArt\" href=\"http:\/\/liederkranz-ehningen.de\/?page_id=51\"><span style=\"color: #3e9bd0;\">&#8222;KlangArt&#8220;<\/span><\/a> nennt, mit ca. 50 S\u00e4ngerinnen und S\u00e4ngern,<\/li>\n<li>ein beachtenswerter M\u00e4nnerchor, der sich <a title=\"CHORios\" href=\"http:\/\/liederkranz-ehningen.de\/?page_id=53\"><span style=\"color: #3e9bd0;\">&#8222;CHORios&#8220;<\/span><\/a> nennt, mit ca. 30 S\u00e4ngern,<\/li>\n<li>ein gemischter Chor <a title=\"TAKTVOLL\" href=\"http:\/\/liederkranz-ehningen.de\/?page_id=55\"><span style=\"color: #3e9bd0;\">&#8222;TAKTVOLL&#8220;<\/span><\/a> mit ca. 65 S\u00e4ngerinnen und S\u00e4ngern,<\/li>\n<li>ein gemischtes &#8222;<a href=\"https:\/\/www.liederkranz-ehningen.de\/?page_id=5108\"> A Cappella Ensemble<\/a>&#8220;&nbsp; mit ca. 20 S\u00e4ngerinnen und S\u00e4ngern,<\/li>\n<li>ein Kinderchor die <a href=\"https:\/\/www.liederkranz-ehningen.de\/?page_id=4528\">&#8222;c&#8217;OHRw\u00fcrmer&#8220;<\/a> mit ca. 40 Kindern und ein neu gegr\u00fcndeter Jugendchor &#8222;Young_Voices_Ehningen&#8220;&nbsp;<\/li>\n<\/ul>\n<h4><span style=\"color: #3e9bd0;\">Wir sind<br \/>\n<\/span><\/h4>\n<ul>\n<li>aktive Leute aller Altersstufen<\/li>\n<li>kreativ und unternehmungslustig<\/li>\n<li>und durchaus auch traditionsbewusst.<\/li>\n<li>Auch eine harmonische Gemeinschaft, in der Frohsinn und Geselligkeit nicht zu kurz kommen und die vor allem Spa\u00df am Singen hat.<\/li>\n<\/ul>\n<h4><span style=\"color: #3e9bd0;\">Wir meinen <\/span><\/h4>\n<ul>\n<li>das w\u00e4re auch etwas f\u00fcr SIE und laden Sie herzlich zu einem unverbindlichen <a href=\"http:\/\/liederkranz-ehningen.de\/?page_id=62\">Chorprobenbesuch<\/a> ein.<\/li>\n<\/ul>\n<h4><span style=\"color: #3e9bd0;\">Wir garantieren <\/span><\/h4>\n<ul>\n<li><span style=\"color: #000000;\">Ihnen Entspannung, Mu\u00dfe und Freude beim Singen:<\/span><\/li>\n<\/ul>\n<h4><span style=\"color: #333333;\"><span style=\"color: #3e9bd0;\">Wir haben<\/span> <\/span><\/h4>\n<ul>\n<li><span style=\"color: #333333;\">sehr engagierte und qualifizierte Chorleiter\/innen. F\u00fcr unsere Erwachsenench\u00f6re <a href=\"https:\/\/www.liederkranz-ehningen.de\/?page_id=5227\">Martina Pirrotta<\/a>&nbsp;und<a href=\"http:\/\/www.liederkranz-ehningen.de\/?page_id=3659\">&nbsp;Benjamin Schreij\u00e4g<\/a> <\/span><span style=\"color: #333333;\">und f\u00fcr unsere Kinder und Jugendlichen <a href=\"https:\/\/www.liederkranz-ehningen.de\/?page_id=4960\">Fiona Illenseer.<\/a><\/span><\/li>\n<\/ul>\n","protected":false},"excerpt":{"rendered":"<p>Wir sind ein leistungsorientierter Gemischter Chor, der sich &#8222;KlangArt&#8220; nennt, mit ca. 50 S\u00e4ngerinnen und S\u00e4ngern, ein beachtenswerter M\u00e4nnerchor, der sich &#8222;CHORios&#8220; nennt, mit ca. 30 S\u00e4ngern, ein gemischter Chor &#8222;TAKTVOLL&#8220; mit ca. 65 S\u00e4ngerinnen und S\u00e4ngern, ein gemischtes &#8222; A Cappella Ensemble&#8220;&nbsp; mit ca. 20 S\u00e4ngerinnen und S\u00e4ngern, ein Kinderchor die &#8222;c&#8217;OHRw\u00fcrmer&#8220; mit ca. &#8230; <a title=\"Verein\" class=\"read-more\" href=\"https:\/\/www.liederkranz-ehningen.de\/?page_id=283\" aria-label=\"Mehr dazu unter Verein\">Weiterlesen<\/a><\/p>\n","protected":false},"author":1,"featured_media":0,"parent":0,"menu_order":0,"comment_status":"closed","ping_status":"open","template":"","meta":{"ngg_post_thumbnail":0,"footnotes":""},"_links":{"self":[{"href":"https:\/\/www.liederkranz-ehningen.de\/index.php?rest_route=\/wp\/v2\/pages\/283"}],"collection":[{"href":"https:\/\/www.liederkranz-ehningen.de\/index.php?rest_route=\/wp\/v2\/pages"}],"about":[{"href":"https:\/\/www.liederkranz-ehningen.de\/index.php?rest_route=\/wp\/v2\/types\/page"}],"author":[{"embeddable":true,"href":"https:\/\/www.liederkranz-ehningen.de\/index.php?rest_route=\/wp\/v2\/users\/1"}],"replies":[{"embeddable":true,"href":"https:\/\/www.liederkranz-ehningen.de\/index.php?rest_route=%2Fwp%2Fv2%2Fcomments&post=283"}],"version-history":[{"count":32,"href":"https:\/\/www.liederkranz-ehningen.de\/index.php?rest_route=\/wp\/v2\/pages\/283\/revisions"}],"predecessor-version":[{"id":5242,"href":"https:\/\/www.liederkranz-ehningen.de\/index.php?rest_route=\/wp\/v2\/pages\/283\/revisions\/5242"}],"wp:attachment":[{"href":"https:\/\/www.liederkranz-ehningen.de\/index.php?rest_route=%2Fwp%2Fv2%2Fmedia&parent=283"}],"curies":[{"name":"wp","href":"https:\/\/api.w.org\/{rel}","templated":true}]}}