{"id":2724,"date":"2015-09-02T20:24:37","date_gmt":"2015-09-02T19:24:37","guid":{"rendered":"http:\/\/wordpress.liederkranz-ehningen.de\/?page_id=2724"},"modified":"2015-09-03T06:52:50","modified_gmt":"2015-09-03T05:52:50","slug":"fotos-2013","status":"publish","type":"page","link":"https:\/\/www.liederkranz-ehningen.de\/?page_id=2724","title":{"rendered":"Fotos 2013"},"content":{"rendered":"<p>Bilder des Jahres 2013<\/p>\n<p><div class=\"ngg-albumoverview default-view\">\n\t\t\t<div class=\"ngg-album-compact\">\n\t\t\t<div class=\"ngg-album-compactbox\">\n\t\t\t\t<div class=\"ngg-album-link\">\n\t\t\t\t\t\t\t\t\t\t\t\t\t\t\t\t<a title='Neujahrswanderung_13'\n                       href='https:\/\/www.liederkranz-ehningen.de\/index.php\/nggallery\/album-2013\/2013-01_neujahrswanderung?page_id=2724'>\n\t\t\t\t\t\t\t<img class=\"Thumb\"\n\t\t\t\t\t\t\t\talt=\"Neujahrswanderung_13\"\n\t\t\t\t\t\t\t\tsrc=\"https:\/\/www.liederkranz-ehningen.de\/wp-content\/gallery\/2013-01_neujahrswanderung\/cache\/2015-01-05_Neujahrswanderung_1.jpg-nggid03617-ngg0dyn-91x68-00f0w010c011r110f110r010t010.jpg\"\/>\n\t\t\t\t\t\t<\/a>\n\t\t\t\t\t\t\t\t\t\t\t\t\t\t<\/div>\n\t\t\t<\/div>\n\t\t\t\t\t\t<h4>\n\t\t\t\t<a class='ngg-album-desc' \n\t\t\t\ttitle='Neujahrswanderung_13'\n                       href='https:\/\/www.liederkranz-ehningen.de\/index.php\/nggallery\/album-2013\/2013-01_neujahrswanderung?page_id=2724'style=\"max-width: 111px\"\t\t\t\t>Neujahrswanderung_13<\/a>\n\t\t\t<\/h4>\n\t\t\t<p class=\"ngg-album-gallery-image-counter\">\n\t\t\t\t\t\t\t\t\t<strong>16<\/strong>&nbsp;Fotos\t\t\t\t\t\t\t<\/p>\n\t\t<\/div>\n\t\t\t<div class=\"ngg-album-compact\">\n\t\t\t<div class=\"ngg-album-compactbox\">\n\t\t\t\t<div class=\"ngg-album-link\">\n\t\t\t\t\t\t\t\t\t\t\t\t\t\t\t\t<a title='Altweiberfasching im Liederkranz im Februar 2013'\n                       href='https:\/\/www.liederkranz-ehningen.de\/index.php\/nggallery\/album-2013\/2013-02_altweiberfasching-im-liederkranz-im-februar-2013?page_id=2724'>\n\t\t\t\t\t\t\t<img class=\"Thumb\"\n\t\t\t\t\t\t\t\talt=\"Altweiberfasching im Liederkranz im Februar 2013\"\n\t\t\t\t\t\t\t\tsrc=\"https:\/\/www.liederkranz-ehningen.de\/wp-content\/gallery\/2013-02_altweiberfasching-im-liederkranz-im-februar-2013\/cache\/2013-02-07_Altweiberfasching_1.JPG-nggid03602-ngg0dyn-91x68-00f0w010c011r110f110r010t010.JPG\"\/>\n\t\t\t\t\t\t<\/a>\n\t\t\t\t\t\t\t\t\t\t\t\t\t\t<\/div>\n\t\t\t<\/div>\n\t\t\t\t\t\t<h4>\n\t\t\t\t<a class='ngg-album-desc' \n\t\t\t\ttitle='Altweiberfasching im Liederkranz im Februar 2013'\n                       href='https:\/\/www.liederkranz-ehningen.de\/index.php\/nggallery\/album-2013\/2013-02_altweiberfasching-im-liederkranz-im-februar-2013?page_id=2724'style=\"max-width: 111px\"\t\t\t\t>Altweiberfasching im Liederkranz im Februar 2013<\/a>\n\t\t\t<\/h4>\n\t\t\t<p class=\"ngg-album-gallery-image-counter\">\n\t\t\t\t\t\t\t\t\t<strong>15<\/strong>&nbsp;Fotos\t\t\t\t\t\t\t<\/p>\n\t\t<\/div>\n\t\t\t<div class=\"ngg-album-compact\">\n\t\t\t<div class=\"ngg-album-compactbox\">\n\t\t\t\t<div class=\"ngg-album-link\">\n\t\t\t\t\t\t\t\t\t\t\t\t\t\t\t\t<a title='Chorleiter-Jubil\u00e4um (\/25 Jahre) von Clemens K\u00f6nig in Simmozheim'\n                       href='https:\/\/www.liederkranz-ehningen.de\/index.php\/nggallery\/album-2013\/2013-03-chorleiter-jubilaeum-25-jahre-von-clemens-koenig-in-simmozheim?page_id=2724'>\n\t\t\t\t\t\t\t<img class=\"Thumb\"\n\t\t\t\t\t\t\t\talt=\"Chorleiter-Jubil\u00e4um (\/25 Jahre) von Clemens K\u00f6nig in Simmozheim\"\n\t\t\t\t\t\t\t\tsrc=\"https:\/\/www.liederkranz-ehningen.de\/wp-content\/gallery\/2013-03-chorleiter-jubilaeum-25-jahre-von-clemens-koenig-in-simmozheim\/cache\/2015-03-03_25j%C3%A4hr.Chorleiterjubil%C3%A4um_Simmozheim_1.jpg-nggid03594-ngg0dyn-91x68-00f0w010c011r110f110r010t010.jpg\"\/>\n\t\t\t\t\t\t<\/a>\n\t\t\t\t\t\t\t\t\t\t\t\t\t\t<\/div>\n\t\t\t<\/div>\n\t\t\t\t\t\t<h4>\n\t\t\t\t<a class='ngg-album-desc' \n\t\t\t\ttitle='Chorleiter-Jubil\u00e4um (\/25 Jahre) von Clemens K\u00f6nig in Simmozheim'\n                       href='https:\/\/www.liederkranz-ehningen.de\/index.php\/nggallery\/album-2013\/2013-03-chorleiter-jubilaeum-25-jahre-von-clemens-koenig-in-simmozheim?page_id=2724'style=\"max-width: 111px\"\t\t\t\t>Chorleiter-Jubil\u00e4um (\/25 Jahre) von Clemens K\u00f6nig in Simmozheim<\/a>\n\t\t\t<\/h4>\n\t\t\t<p class=\"ngg-album-gallery-image-counter\">\n\t\t\t\t\t\t\t\t\t<strong>8<\/strong>&nbsp;Fotos\t\t\t\t\t\t\t<\/p>\n\t\t<\/div>\n\t\t\t<div class=\"ngg-album-compact\">\n\t\t\t<div class=\"ngg-album-compactbox\">\n\t\t\t\t<div class=\"ngg-album-link\">\n\t\t\t\t\t\t\t\t\t\t\t\t\t\t\t\t<a title='Frauen-Ausflug ins Allg\u00e4u im Mai 2013'\n                       href='https:\/\/www.liederkranz-ehningen.de\/index.php\/nggallery\/album-2013\/2013-05_frauen-ausflug-ins-allgaeu-im-mai-2013?page_id=2724'>\n\t\t\t\t\t\t\t<img class=\"Thumb\"\n\t\t\t\t\t\t\t\talt=\"Frauen-Ausflug ins Allg\u00e4u im Mai 2013\"\n\t\t\t\t\t\t\t\tsrc=\"https:\/\/www.liederkranz-ehningen.de\/wp-content\/gallery\/2013-05_frauen-ausflug-ins-allgaeu-im-mai-2013\/cache\/2013-05-10_Frauenausflug-Lechbruck_1.JPG-nggid03570-ngg0dyn-91x68-00f0w010c011r110f110r010t010.JPG\"\/>\n\t\t\t\t\t\t<\/a>\n\t\t\t\t\t\t\t\t\t\t\t\t\t\t<\/div>\n\t\t\t<\/div>\n\t\t\t\t\t\t<h4>\n\t\t\t\t<a class='ngg-album-desc' \n\t\t\t\ttitle='Frauen-Ausflug ins Allg\u00e4u im Mai 2013'\n                       href='https:\/\/www.liederkranz-ehningen.de\/index.php\/nggallery\/album-2013\/2013-05_frauen-ausflug-ins-allgaeu-im-mai-2013?page_id=2724'style=\"max-width: 111px\"\t\t\t\t>Frauen-Ausflug ins Allg\u00e4u im Mai 2013<\/a>\n\t\t\t<\/h4>\n\t\t\t<p class=\"ngg-album-gallery-image-counter\">\n\t\t\t\t\t\t\t\t\t<strong>24<\/strong>&nbsp;Fotos\t\t\t\t\t\t\t<\/p>\n\t\t<\/div>\n\t\t\t<div class=\"ngg-album-compact\">\n\t\t\t<div class=\"ngg-album-compactbox\">\n\t\t\t\t<div class=\"ngg-album-link\">\n\t\t\t\t\t\t\t\t\t\t\t\t\t\t\t\t<a title='Maibaumstellen_13'\n                       href='https:\/\/www.liederkranz-ehningen.de\/index.php\/nggallery\/album-2013\/2013-05_maibaumstellen-am-1-mai?page_id=2724'>\n\t\t\t\t\t\t\t<img class=\"Thumb\"\n\t\t\t\t\t\t\t\talt=\"Maibaumstellen_13\"\n\t\t\t\t\t\t\t\tsrc=\"https:\/\/www.liederkranz-ehningen.de\/wp-content\/gallery\/2013-05_maibaumstellen-am-1-mai\/cache\/2013-05-01_Maibaumstellen_1.JPG-nggid03554-ngg0dyn-91x68-00f0w010c011r110f110r010t010.JPG\"\/>\n\t\t\t\t\t\t<\/a>\n\t\t\t\t\t\t\t\t\t\t\t\t\t\t<\/div>\n\t\t\t<\/div>\n\t\t\t\t\t\t<h4>\n\t\t\t\t<a class='ngg-album-desc' \n\t\t\t\ttitle='Maibaumstellen_13'\n                       href='https:\/\/www.liederkranz-ehningen.de\/index.php\/nggallery\/album-2013\/2013-05_maibaumstellen-am-1-mai?page_id=2724'style=\"max-width: 111px\"\t\t\t\t>Maibaumstellen_13<\/a>\n\t\t\t<\/h4>\n\t\t\t<p class=\"ngg-album-gallery-image-counter\">\n\t\t\t\t\t\t\t\t\t<strong>16<\/strong>&nbsp;Fotos\t\t\t\t\t\t\t<\/p>\n\t\t<\/div>\n\t\t\t<div class=\"ngg-album-compact\">\n\t\t\t<div class=\"ngg-album-compactbox\">\n\t\t\t\t<div class=\"ngg-album-link\">\n\t\t\t\t\t\t\t\t\t\t\t\t\t\t\t\t<a title='CHORios Auftritt beim M\u00e4nnerchor-Konzert auf Burg Zavelstein'\n                       href='https:\/\/www.liederkranz-ehningen.de\/index.php\/nggallery\/album-2013\/2013-06_chorios-auftritt-beim-maennerchor-konzert-auf-burg-zavelstein?page_id=2724'>\n\t\t\t\t\t\t\t<img class=\"Thumb\"\n\t\t\t\t\t\t\t\talt=\"CHORios Auftritt beim M\u00e4nnerchor-Konzert auf Burg Zavelstein\"\n\t\t\t\t\t\t\t\tsrc=\"https:\/\/www.liederkranz-ehningen.de\/wp-content\/gallery\/2013-06_chorios-auftritt-beim-maennerchor-konzert-auf-burg-zavelstein\/cache\/2013-06-15_Chorios-Auftritt-Zavelstein_1.JPG-nggid03542-ngg0dyn-91x68-00f0w010c011r110f110r010t010.JPG\"\/>\n\t\t\t\t\t\t<\/a>\n\t\t\t\t\t\t\t\t\t\t\t\t\t\t<\/div>\n\t\t\t<\/div>\n\t\t\t\t\t\t<h4>\n\t\t\t\t<a class='ngg-album-desc' \n\t\t\t\ttitle='CHORios Auftritt beim M\u00e4nnerchor-Konzert auf Burg Zavelstein'\n                       href='https:\/\/www.liederkranz-ehningen.de\/index.php\/nggallery\/album-2013\/2013-06_chorios-auftritt-beim-maennerchor-konzert-auf-burg-zavelstein?page_id=2724'style=\"max-width: 111px\"\t\t\t\t>CHORios Auftritt beim M\u00e4nnerchor-Konzert auf Burg Zavelstein<\/a>\n\t\t\t<\/h4>\n\t\t\t<p class=\"ngg-album-gallery-image-counter\">\n\t\t\t\t\t\t\t\t\t<strong>12<\/strong>&nbsp;Fotos\t\t\t\t\t\t\t<\/p>\n\t\t<\/div>\n\t\t\t<div class=\"ngg-album-compact\">\n\t\t\t<div class=\"ngg-album-compactbox\">\n\t\t\t\t<div class=\"ngg-album-link\">\n\t\t\t\t\t\t\t\t\t\t\t\t\t\t\t\t<a title='CHORios Ausflug ins Rheingau'\n                       href='https:\/\/www.liederkranz-ehningen.de\/index.php\/nggallery\/album-2013\/2013-06_chorios-ausflug-ins-rheingau?page_id=2724'>\n\t\t\t\t\t\t\t<img class=\"Thumb\"\n\t\t\t\t\t\t\t\talt=\"CHORios Ausflug ins Rheingau\"\n\t\t\t\t\t\t\t\tsrc=\"https:\/\/www.liederkranz-ehningen.de\/wp-content\/gallery\/2013-06_chorios-ausflug-ins-rheingau\/cache\/2013-06-08_Chorios-Ausflug_Rheingau_1.JPG-nggid03502-ngg0dyn-91x68-00f0w010c011r110f110r010t010.JPG\"\/>\n\t\t\t\t\t\t<\/a>\n\t\t\t\t\t\t\t\t\t\t\t\t\t\t<\/div>\n\t\t\t<\/div>\n\t\t\t\t\t\t<h4>\n\t\t\t\t<a class='ngg-album-desc' \n\t\t\t\ttitle='CHORios Ausflug ins Rheingau'\n                       href='https:\/\/www.liederkranz-ehningen.de\/index.php\/nggallery\/album-2013\/2013-06_chorios-ausflug-ins-rheingau?page_id=2724'style=\"max-width: 111px\"\t\t\t\t>CHORios Ausflug ins Rheingau<\/a>\n\t\t\t<\/h4>\n\t\t\t<p class=\"ngg-album-gallery-image-counter\">\n\t\t\t\t\t\t\t\t\t<strong>40<\/strong>&nbsp;Fotos\t\t\t\t\t\t\t<\/p>\n\t\t<\/div>\n\t\t\t<div class=\"ngg-album-compact\">\n\t\t\t<div class=\"ngg-album-compactbox\">\n\t\t\t\t<div class=\"ngg-album-link\">\n\t\t\t\t\t\t\t\t\t\t\t\t\t\t\t\t<a title='TAKTVOLL Ausflug nach Sonthofen im Allg\u00e4u'\n                       href='https:\/\/www.liederkranz-ehningen.de\/index.php\/nggallery\/album-2013\/2013-06_taktvoll-ausflug-nach-sonthofen-im-allgaeu?page_id=2724'>\n\t\t\t\t\t\t\t<img class=\"Thumb\"\n\t\t\t\t\t\t\t\talt=\"TAKTVOLL Ausflug nach Sonthofen im Allg\u00e4u\"\n\t\t\t\t\t\t\t\tsrc=\"https:\/\/www.liederkranz-ehningen.de\/wp-content\/gallery\/2013-06_taktvoll-ausflug-nach-sonthofen-im-allgaeu\/cache\/2013-06-29_Taktvoll-Ausflug-ins-Allg%C3%A4u_1.jpg-nggid03482-ngg0dyn-91x68-00f0w010c011r110f110r010t010.jpg\"\/>\n\t\t\t\t\t\t<\/a>\n\t\t\t\t\t\t\t\t\t\t\t\t\t\t<\/div>\n\t\t\t<\/div>\n\t\t\t\t\t\t<h4>\n\t\t\t\t<a class='ngg-album-desc' \n\t\t\t\ttitle='TAKTVOLL Ausflug nach Sonthofen im Allg\u00e4u'\n                       href='https:\/\/www.liederkranz-ehningen.de\/index.php\/nggallery\/album-2013\/2013-06_taktvoll-ausflug-nach-sonthofen-im-allgaeu?page_id=2724'style=\"max-width: 111px\"\t\t\t\t>TAKTVOLL Ausflug nach Sonthofen im Allg\u00e4u<\/a>\n\t\t\t<\/h4>\n\t\t\t<p class=\"ngg-album-gallery-image-counter\">\n\t\t\t\t\t\t\t\t\t<strong>20<\/strong>&nbsp;Fotos\t\t\t\t\t\t\t<\/p>\n\t\t<\/div>\n\t\t\t<div class=\"ngg-album-compact\">\n\t\t\t<div class=\"ngg-album-compactbox\">\n\t\t\t\t<div class=\"ngg-album-link\">\n\t\t\t\t\t\t\t\t\t\t\t\t\t\t\t\t<a title=' Weinfest_13'\n                       href='https:\/\/www.liederkranz-ehningen.de\/index.php\/nggallery\/album-2013\/2013-09_ehninger-weinfest-in-der-zehntscheuer?page_id=2724'>\n\t\t\t\t\t\t\t<img class=\"Thumb\"\n\t\t\t\t\t\t\t\talt=\" Weinfest_13\"\n\t\t\t\t\t\t\t\tsrc=\"https:\/\/www.liederkranz-ehningen.de\/wp-content\/gallery\/2013-09_ehninger-weinfest-in-der-zehntscheuer\/cache\/2013-09-21_Weinfest_1.jpg-nggid03450-ngg0dyn-91x68-00f0w010c011r110f110r010t010.jpg\"\/>\n\t\t\t\t\t\t<\/a>\n\t\t\t\t\t\t\t\t\t\t\t\t\t\t<\/div>\n\t\t\t<\/div>\n\t\t\t\t\t\t<h4>\n\t\t\t\t<a class='ngg-album-desc' \n\t\t\t\ttitle=' Weinfest_13'\n                       href='https:\/\/www.liederkranz-ehningen.de\/index.php\/nggallery\/album-2013\/2013-09_ehninger-weinfest-in-der-zehntscheuer?page_id=2724'style=\"max-width: 111px\"\t\t\t\t> Weinfest_13<\/a>\n\t\t\t<\/h4>\n\t\t\t<p class=\"ngg-album-gallery-image-counter\">\n\t\t\t\t\t\t\t\t\t<strong>32<\/strong>&nbsp;Fotos\t\t\t\t\t\t\t<\/p>\n\t\t<\/div>\n\t\t\t<div class=\"ngg-album-compact\">\n\t\t\t<div class=\"ngg-album-compactbox\">\n\t\t\t\t<div class=\"ngg-album-link\">\n\t\t\t\t\t\t\t\t\t\t\t\t\t\t\t\t<a title='Flugreise nach Istanbul'\n                       href='https:\/\/www.liederkranz-ehningen.de\/index.php\/nggallery\/album-2013\/2013-10_liederkranz-flugreise-nach-istanbul?page_id=2724'>\n\t\t\t\t\t\t\t<img class=\"Thumb\"\n\t\t\t\t\t\t\t\talt=\"Flugreise nach Istanbul\"\n\t\t\t\t\t\t\t\tsrc=\"https:\/\/www.liederkranz-ehningen.de\/wp-content\/gallery\/2013-10_liederkranz-flugreise-nach-istanbul\/cache\/2013-10-03_Flugreise_Istanbul_1.jpg-nggid03418-ngg0dyn-91x68-00f0w010c011r110f110r010t010.jpg\"\/>\n\t\t\t\t\t\t<\/a>\n\t\t\t\t\t\t\t\t\t\t\t\t\t\t<\/div>\n\t\t\t<\/div>\n\t\t\t\t\t\t<h4>\n\t\t\t\t<a class='ngg-album-desc' \n\t\t\t\ttitle='Flugreise nach Istanbul'\n                       href='https:\/\/www.liederkranz-ehningen.de\/index.php\/nggallery\/album-2013\/2013-10_liederkranz-flugreise-nach-istanbul?page_id=2724'style=\"max-width: 111px\"\t\t\t\t>Flugreise nach Istanbul<\/a>\n\t\t\t<\/h4>\n\t\t\t<p class=\"ngg-album-gallery-image-counter\">\n\t\t\t\t\t\t\t\t\t<strong>32<\/strong>&nbsp;Fotos\t\t\t\t\t\t\t<\/p>\n\t\t<\/div>\n\t\t\t<div class=\"ngg-album-compact\">\n\t\t\t<div class=\"ngg-album-compactbox\">\n\t\t\t\t<div class=\"ngg-album-link\">\n\t\t\t\t\t\t\t\t\t\t\t\t\t\t\t\t<a title=' Friedensmesse &quot;The Armed Man&quot;'\n                       href='https:\/\/www.liederkranz-ehningen.de\/index.php\/nggallery\/album-2013\/2013_konzert-friedensmesse-the-armed-man?page_id=2724'>\n\t\t\t\t\t\t\t<img class=\"Thumb\"\n\t\t\t\t\t\t\t\talt=\" Friedensmesse &quot;The Armed Man&quot;\"\n\t\t\t\t\t\t\t\tsrc=\"https:\/\/www.liederkranz-ehningen.de\/wp-content\/gallery\/2013_konzert-friedensmesse-the-armed-man\/cache\/2013-11-09_1-Armed-Man_Simmozheim.jpg-nggid03386-ngg0dyn-91x68-00f0w010c011r110f110r010t010.jpg\"\/>\n\t\t\t\t\t\t<\/a>\n\t\t\t\t\t\t\t\t\t\t\t\t\t\t<\/div>\n\t\t\t<\/div>\n\t\t\t\t\t\t<h4>\n\t\t\t\t<a class='ngg-album-desc' \n\t\t\t\ttitle=' Friedensmesse &quot;The Armed Man&quot;'\n                       href='https:\/\/www.liederkranz-ehningen.de\/index.php\/nggallery\/album-2013\/2013_konzert-friedensmesse-the-armed-man?page_id=2724'style=\"max-width: 111px\"\t\t\t\t> Friedensmesse \"The Armed Man\"<\/a>\n\t\t\t<\/h4>\n\t\t\t<p class=\"ngg-album-gallery-image-counter\">\n\t\t\t\t\t\t\t\t\t<strong>32<\/strong>&nbsp;Fotos\t\t\t\t\t\t\t<\/p>\n\t\t<\/div>\n\t\t\t<div class=\"ngg-album-compact\">\n\t\t\t<div class=\"ngg-album-compactbox\">\n\t\t\t\t<div class=\"ngg-album-link\">\n\t\t\t\t\t\t\t\t\t\t\t\t\t\t\t\t<a title='Liedertafel in der Begegnungsst\u00e4tte_13'\n                       href='https:\/\/www.liederkranz-ehningen.de\/index.php\/nggallery\/album-2013\/2013-12-liedertafel-in-der-begegnungsstaette?page_id=2724'>\n\t\t\t\t\t\t\t<img class=\"Thumb\"\n\t\t\t\t\t\t\t\talt=\"Liedertafel in der Begegnungsst\u00e4tte_13\"\n\t\t\t\t\t\t\t\tsrc=\"https:\/\/www.liederkranz-ehningen.de\/wp-content\/gallery\/2013-12-liedertafel-in-der-begegnungsstaette\/cache\/2013-12-01_Liedertafel-1.JPG-nggid03370-ngg0dyn-91x68-00f0w010c011r110f110r010t010.JPG\"\/>\n\t\t\t\t\t\t<\/a>\n\t\t\t\t\t\t\t\t\t\t\t\t\t\t<\/div>\n\t\t\t<\/div>\n\t\t\t\t\t\t<h4>\n\t\t\t\t<a class='ngg-album-desc' \n\t\t\t\ttitle='Liedertafel in der Begegnungsst\u00e4tte_13'\n                       href='https:\/\/www.liederkranz-ehningen.de\/index.php\/nggallery\/album-2013\/2013-12-liedertafel-in-der-begegnungsstaette?page_id=2724'style=\"max-width: 111px\"\t\t\t\t>Liedertafel in der Begegnungsst\u00e4tte_13<\/a>\n\t\t\t<\/h4>\n\t\t\t<p class=\"ngg-album-gallery-image-counter\">\n\t\t\t\t\t\t\t\t\t<strong>16<\/strong>&nbsp;Fotos\t\t\t\t\t\t\t<\/p>\n\t\t<\/div>\n\t\t<br class=\"ngg-clear\"\/>\n\t<div class='ngg-clear'><\/div><\/div>\n<\/p>\n","protected":false},"excerpt":{"rendered":"<p>Bilder des Jahres 2013 Neujahrswanderung_13 16&nbsp;Fotos Altweiberfasching im Liederkranz im Februar 2013 15&nbsp;Fotos Chorleiter-Jubil\u00e4um (\/25 Jahre) von Clemens K\u00f6nig in Simmozheim 8&nbsp;Fotos Frauen-Ausflug ins Allg\u00e4u im Mai 2013 24&nbsp;Fotos Maibaumstellen_13 16&nbsp;Fotos CHORios Auftritt beim M\u00e4nnerchor-Konzert auf Burg Zavelstein 12&nbsp;Fotos CHORios Ausflug ins Rheingau 40&nbsp;Fotos TAKTVOLL Ausflug nach Sonthofen im Allg\u00e4u 20&nbsp;Fotos Weinfest_13 32&nbsp;Fotos Flugreise nach &#8230; <a title=\"Fotos 2013\" class=\"read-more\" href=\"https:\/\/www.liederkranz-ehningen.de\/?page_id=2724\" aria-label=\"Mehr dazu unter Fotos 2013\">Weiterlesen<\/a><\/p>\n","protected":false},"author":1,"featured_media":0,"parent":0,"menu_order":0,"comment_status":"closed","ping_status":"closed","template":"","meta":{"ngg_post_thumbnail":0,"footnotes":""},"_links":{"self":[{"href":"https:\/\/www.liederkranz-ehningen.de\/index.php?rest_route=\/wp\/v2\/pages\/2724"}],"collection":[{"href":"https:\/\/www.liederkranz-ehningen.de\/index.php?rest_route=\/wp\/v2\/pages"}],"about":[{"href":"https:\/\/www.liederkranz-ehningen.de\/index.php?rest_route=\/wp\/v2\/types\/page"}],"author":[{"embeddable":true,"href":"https:\/\/www.liederkranz-ehningen.de\/index.php?rest_route=\/wp\/v2\/users\/1"}],"replies":[{"embeddable":true,"href":"https:\/\/www.liederkranz-ehningen.de\/index.php?rest_route=%2Fwp%2Fv2%2Fcomments&post=2724"}],"version-history":[{"count":2,"href":"https:\/\/www.liederkranz-ehningen.de\/index.php?rest_route=\/wp\/v2\/pages\/2724\/revisions"}],"predecessor-version":[{"id":2762,"href":"https:\/\/www.liederkranz-ehningen.de\/index.php?rest_route=\/wp\/v2\/pages\/2724\/revisions\/2762"}],"wp:attachment":[{"href":"https:\/\/www.liederkranz-ehningen.de\/index.php?rest_route=%2Fwp%2Fv2%2Fmedia&parent=2724"}],"curies":[{"name":"wp","href":"https:\/\/api.w.org\/{rel}","templated":true}]}}